{"id":55098,"date":"2018-07-25T21:46:24","date_gmt":"2018-07-25T21:46:24","guid":{"rendered":"http:\/\/new.haciendacuatroventanas.com\/?page_id=55098"},"modified":"2018-08-07T00:04:13","modified_gmt":"2018-08-07T00:04:13","slug":"beach-around","status":"publish","type":"page","link":"http:\/\/haciendaelcardon.com\/es\/beach-around\/","title":{"rendered":"BEACH &#038; AROUND"},"content":{"rendered":"<section class=\"wpb-content-wrapper\"><div data-parent=\"true\" class=\"vc_row row-container\"><div class=\"row no-top-padding double-bottom-padding single-h-padding full-width row-parent\" data-height-ratio=\"72\"><div class=\"wpb_row row-inner\"><div class=\"wpb_column pos-bottom pos-center align_left column_parent col-lg-12 single-internal-gutter\"><div class=\"uncol style-light\"  ><div class=\"uncoltable\"><div class=\"uncell no-block-padding\"><div class=\"uncont\"><div class=\"vc_row row-internal row-container\"><div class=\"row row-child\"><div class=\"wpb_row row-inner\"><div class=\"wpb_column pos-top pos-center align_left column_child col-lg-8 single-internal-gutter\"><div class=\"uncol style-light shift_x_single shift_y_single animate_when_almost_visible bottom-t-top\" data-delay=\"200\"><div class=\"uncoltable\"><div class=\"uncell no-block-padding\"><div class=\"uncont\"><div class=\"uncode-single-media  text-left\"><div class=\"single-wrapper\" style=\"max-width: 100%;\"><div class=\"tmb tmb-light  tmb-media-first tmb-media-last tmb-content-overlay tmb-no-bg tmb-lightbox\">\n\t\t\t\t\t\t<div class=\"t-inside\"><div class=\"t-entry-visual\"><div class=\"t-entry-visual-tc\"><div class=\"uncode-single-media-wrapper\"><div class=\"dummy\" style=\"padding-top: 66.7%;\"><\/div><a tabindex=\"-1\" href=\"http:\/\/haciendaelcardon.com\/wp-content\/uploads\/2018\/07\/playa_02.jpg\" class=\"pushed\" data-skin=\"white\" data-lbox=\"ilightbox_single-55412\" data-options=\"width:1310,height:874,thumbnail: 'http:\/\/haciendaelcardon.com\/wp-content\/uploads\/2018\/07\/playa_02-300x200.jpg'\">\n\t\t\t\t\t\t\t\t\t<img decoding=\"async\" class=\"wp-image-55412\" src=\"http:\/\/haciendaelcardon.com\/wp-content\/uploads\/2018\/07\/playa_02.jpg\" width=\"1310\" height=\"874\" alt=\"\" srcset=\"http:\/\/haciendaelcardon.com\/wp-content\/uploads\/2018\/07\/playa_02.jpg 1310w, http:\/\/haciendaelcardon.com\/wp-content\/uploads\/2018\/07\/playa_02-300x200.jpg 300w, http:\/\/haciendaelcardon.com\/wp-content\/uploads\/2018\/07\/playa_02-768x512.jpg 768w, http:\/\/haciendaelcardon.com\/wp-content\/uploads\/2018\/07\/playa_02-1024x683.jpg 1024w\" sizes=\"(max-width: 1310px) 100vw, 1310px\" \/><\/a><\/div>\n\t\t\t\t<\/div>\n\t\t\t<\/div><\/div>\n\t\t\t\t\t<\/div><\/div><\/div><\/div><\/div><\/div><\/div><\/div><div class=\"wpb_column pos-middle pos-center align_left align_center_tablet align_center_mobile column_child col-lg-4 single-internal-gutter z_index_2\"><div class=\"uncol style-light shift_x_neg_single shift_y_neg_quad animate_when_almost_visible right-t-left\" data-delay=\"600\"><div class=\"uncoltable\"><div class=\"uncell no-block-padding\"><div class=\"uncont\"><div class=\"vc_custom_heading_wrap\"><div class=\"heading-text el-text heading-bigtext\" ><h1 class=\"bigtext font-weight-100 text-accent-color\" ><span>BEACH<\/span><\/h1><\/div><div class=\"clear\"><\/div><\/div><div class=\"vc_custom_heading_wrap description\"><div class=\"heading-text el-text\" ><p class=\"h3 font-weight-300 text-color-155677-color\" ><span>La Hacienda El Card\u00f3n se encuentra en un entorno natural espectacular, aislado de las \u00e1reas urbanas, cerca de la playa de Socorro (200mts).<\/p><\/span><span><p>El Socorro is a long, beautiful beach of black volcanic sand. It has all the special qualities for the practice of adventure sports and water activities such as surfing, paragliding, &#8230;<\/span><\/p><\/div><div class=\"clear\"><\/div><\/div><\/div><\/div><\/div><\/div><\/div><\/div><\/div><\/div><\/div><\/div><\/div><\/div><\/div><script id=\"script-193581\" data-row=\"script-193581\" type=\"text\/javascript\" class=\"vc_controls\">UNCODE.initRow(document.getElementById(\"script-193581\"));<\/script><\/div><\/div><\/div><div data-parent=\"true\" class=\"vc_row row-container\"><div class=\"row single-top-padding single-bottom-padding single-h-padding full-width row-parent\"><div class=\"wpb_row row-inner\"><div class=\"wpb_column pos-top pos-center align_right column_parent col-lg-12 single-internal-gutter\"><div class=\"uncol style-light\"  ><div class=\"uncoltable\"><div class=\"uncell no-block-padding\"><div class=\"uncont\"><div class=\"vc_row row-internal row-container\"><div class=\"row row-child\"><div class=\"wpb_row row-inner\"><div class=\"wpb_column pos-top pos-center align_right align_center_tablet align_center_mobile column_child col-lg-3 single-internal-gutter z_index_2\"><div class=\"uncol style-light shift_x_quad shift_y_neg_double animate_when_almost_visible left-t-right\" data-delay=\"800\"><div class=\"uncoltable\"><div class=\"uncell no-block-padding\"><div class=\"uncont\"><div class=\"vc_custom_heading_wrap\"><div class=\"heading-text el-text heading-bigtext\" ><h1 class=\"bigtext font-weight-100 text-accent-color text-uppercase\" ><span>FOTOS<\/span><\/h1><\/div><div class=\"clear\"><\/div><\/div><\/div><\/div><\/div><\/div><\/div><div class=\"wpb_column pos-top pos-center align_left align_center_tablet align_center_mobile column_child col-lg-8 single-internal-gutter\"><div class=\"uncol style-light animate_when_almost_visible bottom-t-top\" data-delay=\"800\"><div class=\"uncoltable\"><div class=\"uncell no-block-padding\"><div class=\"uncont\"><div id=\"gallery-184126\" class=\"isotope-system\">\n\t\t\t\t\t<div class=\"isotope-wrapper single-gutter\">\n\t\t\t\t\t\t<div class=\"isotope-container isotope-layout style-masonry\" data-type=\"masonry\" data-layout=\"masonry\" data-lg=\"4000\" data-md=\"600\" data-sm=\"480\">\n<div class=\"tmb tmb-iso-w4 tmb-iso-h4 tmb-light tmb-overlay-text-anim tmb-overlay-anim tmb-overlay-middle tmb-overlay-text-left tmb-image-anim tmb-bordered tmb-id-54344  tmb-img-ratio tmb-media-first tmb-media-last tmb-content-overlay tmb-no-bg tmb-lightbox\">\n\t\t\t\t\t\t<div class=\"t-inside animate_when_almost_visible bottom-t-top\" ><div class=\"t-entry-visual\"><div class=\"t-entry-visual-tc\"><div class=\"t-entry-visual-cont\"><div class=\"dummy\" style=\"padding-top: 56.3%;\"><\/div><a tabindex=\"-1\" href=\"http:\/\/haciendaelcardon.com\/wp-content\/uploads\/2017\/11\/ACTIVITIES_07.jpg\" class=\"pushed\" data-skin=\"white\" data-lbox=\"ilightbox_gallery-184126\" data-options=\"width:1024,height:683,thumbnail: 'http:\/\/haciendaelcardon.com\/wp-content\/uploads\/2017\/11\/ACTIVITIES_07-300x200.jpg'\" data-lb-index=\"0\"><div class=\"t-entry-visual-overlay\"><div class=\"t-entry-visual-overlay-in style-dark-bg\" style=\"opacity: 0.5;\"><\/div><\/div>\n\t\t\t\t\t\t\t\t\t<div class=\"t-overlay-wrap\">\n\t\t\t\t\t\t\t\t\t\t<div class=\"t-overlay-inner\">\n\t\t\t\t\t\t\t\t\t\t\t<div class=\"t-overlay-content\">\n\t\t\t\t\t\t\t\t\t\t\t\t<div class=\"t-overlay-text single-block-padding\"><\/div><\/div><\/div><\/div><img decoding=\"async\" class=\"wp-image-54344\" src=\"http:\/\/haciendaelcardon.com\/wp-content\/uploads\/2017\/11\/ACTIVITIES_07-uai-1024x576.jpg\" width=\"1024\" height=\"576\" alt=\"\" \/><\/a><\/div>\n\t\t\t\t<\/div>\n\t\t\t<\/div><\/div>\n\t\t\t\t\t<\/div><div class=\"tmb tmb-iso-w4 tmb-iso-h4 tmb-light tmb-overlay-text-anim tmb-overlay-anim tmb-overlay-middle tmb-overlay-text-left tmb-image-anim tmb-bordered tmb-id-54343  tmb-img-ratio tmb-media-first tmb-media-last tmb-content-overlay tmb-no-bg tmb-lightbox\">\n\t\t\t\t\t\t<div class=\"t-inside animate_when_almost_visible bottom-t-top\" ><div class=\"t-entry-visual\"><div class=\"t-entry-visual-tc\"><div class=\"t-entry-visual-cont\"><div class=\"dummy\" style=\"padding-top: 56.3%;\"><\/div><a tabindex=\"-1\" href=\"http:\/\/haciendaelcardon.com\/wp-content\/uploads\/2017\/11\/home_PB_8.jpg\" class=\"pushed\" data-skin=\"white\" data-lbox=\"ilightbox_gallery-184126\" data-options=\"width:960,height:371,thumbnail: 'http:\/\/haciendaelcardon.com\/wp-content\/uploads\/2017\/11\/home_PB_8-300x116.jpg'\" data-lb-index=\"1\"><div class=\"t-entry-visual-overlay\"><div class=\"t-entry-visual-overlay-in style-dark-bg\" style=\"opacity: 0.5;\"><\/div><\/div>\n\t\t\t\t\t\t\t\t\t<div class=\"t-overlay-wrap\">\n\t\t\t\t\t\t\t\t\t\t<div class=\"t-overlay-inner\">\n\t\t\t\t\t\t\t\t\t\t\t<div class=\"t-overlay-content\">\n\t\t\t\t\t\t\t\t\t\t\t\t<div class=\"t-overlay-text single-block-padding\"><\/div><\/div><\/div><\/div><img decoding=\"async\" class=\"wp-image-54343\" src=\"http:\/\/haciendaelcardon.com\/wp-content\/uploads\/2017\/11\/home_PB_8-uai-659x371.jpg\" width=\"659\" height=\"371\" alt=\"\" \/><\/a><\/div>\n\t\t\t\t<\/div>\n\t\t\t<\/div><\/div>\n\t\t\t\t\t<\/div><div class=\"tmb tmb-iso-w4 tmb-iso-h4 tmb-light tmb-overlay-text-anim tmb-overlay-anim tmb-overlay-middle tmb-overlay-text-left tmb-image-anim tmb-bordered tmb-id-55414  tmb-img-ratio tmb-media-first tmb-media-last tmb-content-overlay tmb-no-bg tmb-lightbox\">\n\t\t\t\t\t\t<div class=\"t-inside animate_when_almost_visible bottom-t-top\" ><div class=\"t-entry-visual\"><div class=\"t-entry-visual-tc\"><div class=\"t-entry-visual-cont\"><div class=\"dummy\" style=\"padding-top: 56.2%;\"><\/div><a tabindex=\"-1\" href=\"http:\/\/haciendaelcardon.com\/wp-content\/uploads\/2018\/07\/entorno_03.jpg\" class=\"pushed\" data-skin=\"white\" data-lbox=\"ilightbox_gallery-184126\" data-options=\"width:1310,height:874,thumbnail: 'http:\/\/haciendaelcardon.com\/wp-content\/uploads\/2018\/07\/entorno_03-300x200.jpg'\" data-lb-index=\"2\"><div class=\"t-entry-visual-overlay\"><div class=\"t-entry-visual-overlay-in style-dark-bg\" style=\"opacity: 0.5;\"><\/div><\/div>\n\t\t\t\t\t\t\t\t\t<div class=\"t-overlay-wrap\">\n\t\t\t\t\t\t\t\t\t\t<div class=\"t-overlay-inner\">\n\t\t\t\t\t\t\t\t\t\t\t<div class=\"t-overlay-content\">\n\t\t\t\t\t\t\t\t\t\t\t\t<div class=\"t-overlay-text single-block-padding\"><\/div><\/div><\/div><\/div><img decoding=\"async\" class=\"wp-image-55414\" src=\"http:\/\/haciendaelcardon.com\/wp-content\/uploads\/2018\/07\/entorno_03-uai-1310x736.jpg\" width=\"1310\" height=\"736\" alt=\"\" \/><\/a><\/div>\n\t\t\t\t<\/div>\n\t\t\t<\/div><\/div>\n\t\t\t\t\t<\/div><div class=\"tmb tmb-iso-w4 tmb-iso-h4 tmb-light tmb-overlay-text-anim tmb-overlay-anim tmb-overlay-middle tmb-overlay-text-left tmb-image-anim tmb-bordered tmb-id-55415  tmb-img-ratio tmb-media-first tmb-media-last tmb-content-overlay tmb-no-bg tmb-lightbox\">\n\t\t\t\t\t\t<div class=\"t-inside animate_when_almost_visible bottom-t-top\" ><div class=\"t-entry-visual\"><div class=\"t-entry-visual-tc\"><div class=\"t-entry-visual-cont\"><div class=\"dummy\" style=\"padding-top: 56.2%;\"><\/div><a tabindex=\"-1\" href=\"http:\/\/haciendaelcardon.com\/wp-content\/uploads\/2018\/07\/entorno_05.jpg\" class=\"pushed\" data-skin=\"white\" data-lbox=\"ilightbox_gallery-184126\" data-options=\"width:1310,height:874,thumbnail: 'http:\/\/haciendaelcardon.com\/wp-content\/uploads\/2018\/07\/entorno_05-300x200.jpg'\" data-lb-index=\"3\"><div class=\"t-entry-visual-overlay\"><div class=\"t-entry-visual-overlay-in style-dark-bg\" style=\"opacity: 0.5;\"><\/div><\/div>\n\t\t\t\t\t\t\t\t\t<div class=\"t-overlay-wrap\">\n\t\t\t\t\t\t\t\t\t\t<div class=\"t-overlay-inner\">\n\t\t\t\t\t\t\t\t\t\t\t<div class=\"t-overlay-content\">\n\t\t\t\t\t\t\t\t\t\t\t\t<div class=\"t-overlay-text single-block-padding\"><\/div><\/div><\/div><\/div><img decoding=\"async\" class=\"wp-image-55415\" src=\"http:\/\/haciendaelcardon.com\/wp-content\/uploads\/2018\/07\/entorno_05-uai-1310x736.jpg\" width=\"1310\" height=\"736\" alt=\"\" \/><\/a><\/div>\n\t\t\t\t<\/div>\n\t\t\t<\/div><\/div>\n\t\t\t\t\t<\/div>\t\t\t\t\t\t<\/div>\n\t\t\t\t\t<\/div>\n<\/div>\n<\/div><\/div><\/div><\/div><\/div><div class=\"wpb_column pos-top pos-center align_left column_child col-lg-1 tablet-hidden mobile-hidden single-internal-gutter\"><div class=\"uncol style-light\" ><div class=\"uncoltable\"><div class=\"uncell no-block-padding\"><div class=\"uncont\"><\/div><\/div><\/div><\/div><\/div><\/div><\/div><\/div><\/div><\/div><\/div><\/div><\/div><script id=\"script-918595\" data-row=\"script-918595\" type=\"text\/javascript\" class=\"vc_controls\">UNCODE.initRow(document.getElementById(\"script-918595\"));<\/script><\/div><\/div><\/div><div data-parent=\"true\" class=\"vc_row row-container\"><div class=\"row single-top-padding double-bottom-padding single-h-padding full-width row-parent\" data-height-ratio=\"50\"><div class=\"wpb_row row-inner\"><div class=\"wpb_column pos-bottom pos-center align_left column_parent col-lg-12 single-internal-gutter\"><div class=\"uncol style-light\"  ><div class=\"uncoltable\"><div class=\"uncell no-block-padding\"><div class=\"uncont\"><div class=\"vc_row row-internal row-container\"><div class=\"row row-child\"><div class=\"wpb_row row-inner\"><div class=\"wpb_column pos-top pos-center align_left column_child col-lg-7 single-internal-gutter\"><div class=\"uncol style-light shift_x_single shift_y_single animate_when_almost_visible bottom-t-top\" data-delay=\"200\"><div class=\"uncoltable\"><div class=\"uncell no-block-padding\"><div class=\"uncont\"><div class=\"uncode-single-media  text-left\"><div class=\"single-wrapper\" style=\"max-width: 100%;\"><div class=\"tmb tmb-light  tmb-media-first tmb-media-last tmb-content-overlay tmb-no-bg\">\n\t\t\t\t\t\t<div class=\"t-inside\"><div class=\"t-entry-visual\"><div class=\"t-entry-visual-tc\"><div class=\"uncode-single-media-wrapper\">\n\t\t\t\t\t\t\t\t\t<img decoding=\"async\" class=\"wp-image-54619\" src=\"http:\/\/haciendaelcardon.com\/wp-content\/uploads\/2015\/05\/HACIENDA_EL_CARDON_002.jpg\" width=\"1100\" height=\"550\" alt=\"\" srcset=\"http:\/\/haciendaelcardon.com\/wp-content\/uploads\/2015\/05\/HACIENDA_EL_CARDON_002.jpg 1100w, http:\/\/haciendaelcardon.com\/wp-content\/uploads\/2015\/05\/HACIENDA_EL_CARDON_002-300x150.jpg 300w, http:\/\/haciendaelcardon.com\/wp-content\/uploads\/2015\/05\/HACIENDA_EL_CARDON_002-768x384.jpg 768w, http:\/\/haciendaelcardon.com\/wp-content\/uploads\/2015\/05\/HACIENDA_EL_CARDON_002-1024x512.jpg 1024w\" sizes=\"(max-width: 1100px) 100vw, 1100px\" \/><\/div>\n\t\t\t\t<\/div>\n\t\t\t<\/div><\/div>\n\t\t\t\t\t<\/div><\/div><\/div><div class=\"empty-space empty-single\" ><span class=\"empty-space-inner\"><\/span><\/div>\n<\/div><\/div><\/div><\/div><\/div><div class=\"wpb_column pos-middle pos-center align_left align_left_tablet align_left_mobile column_child col-lg-5 col-md-100 col-sm-100 single-internal-gutter z_index_2\"><div class=\"uncol style-light shift_x_neg_double shift_y_neg_quad animate_when_almost_visible right-t-left\" data-delay=\"600\"><div class=\"uncoltable\"><div class=\"uncell no-block-padding\"><div class=\"uncont\"><div class=\"vc_custom_heading_wrap\"><div class=\"heading-text el-text heading-bigtext\" ><h1 class=\"bigtext font-weight-100 text-accent-color text-uppercase\" ><span>AROUND<\/span><\/h1><\/div><div class=\"clear\"><\/div><\/div><div class=\"vc_custom_heading_wrap facilities\"><div class=\"heading-text el-text\" ><h1 class=\"h3 font-weight-300 text-color-155677-color\" ><span>El litoral de Los Realejos contiene numerosos lugares hist\u00f3ricos y naturales. El color verde de la plantaci\u00f3n de bananos y el encanto de sus ricas casas canarias antiguas y tradicionales har\u00e1n las delicias de los amantes de la naturaleza y el senderismo.<\/span><\/h1><\/div><div class=\"clear\"><\/div><\/div><\/div><\/div><\/div><\/div><\/div><\/div><\/div><\/div><\/div><\/div><\/div><\/div><\/div><script id=\"script-136204\" data-row=\"script-136204\" type=\"text\/javascript\" class=\"vc_controls\">UNCODE.initRow(document.getElementById(\"script-136204\"));<\/script><\/div><\/div><\/div>\n<\/section>","protected":false},"excerpt":{"rendered":"BEACHLa Hacienda El Card\u00f3n is located in a spectacular natural environment, isolated from the urban areas, near the Socorro beach [...]","protected":false},"author":2,"featured_media":0,"parent":0,"menu_order":0,"comment_status":"closed","ping_status":"closed","template":"","meta":{"_exactmetrics_skip_tracking":false,"_exactmetrics_sitenote_active":false,"_exactmetrics_sitenote_note":"","_exactmetrics_sitenote_category":0},"_links":{"self":[{"href":"http:\/\/haciendaelcardon.com\/es\/wp-json\/wp\/v2\/pages\/55098"}],"collection":[{"href":"http:\/\/haciendaelcardon.com\/es\/wp-json\/wp\/v2\/pages"}],"about":[{"href":"http:\/\/haciendaelcardon.com\/es\/wp-json\/wp\/v2\/types\/page"}],"author":[{"embeddable":true,"href":"http:\/\/haciendaelcardon.com\/es\/wp-json\/wp\/v2\/users\/2"}],"replies":[{"embeddable":true,"href":"http:\/\/haciendaelcardon.com\/es\/wp-json\/wp\/v2\/comments?post=55098"}],"version-history":[{"count":3,"href":"http:\/\/haciendaelcardon.com\/es\/wp-json\/wp\/v2\/pages\/55098\/revisions"}],"predecessor-version":[{"id":55413,"href":"http:\/\/haciendaelcardon.com\/es\/wp-json\/wp\/v2\/pages\/55098\/revisions\/55413"}],"wp:attachment":[{"href":"http:\/\/haciendaelcardon.com\/es\/wp-json\/wp\/v2\/media?parent=55098"}],"curies":[{"name":"wp","href":"https:\/\/api.w.org\/{rel}","templated":true}]}}